{"id":9129,"date":"2024-06-07T14:13:19","date_gmt":"2024-06-07T14:13:19","guid":{"rendered":"https:\/\/byhours.com.co\/?page_id=9129"},"modified":"2024-06-11T20:38:10","modified_gmt":"2024-06-11T20:38:10","slug":"encuesta-de-satisfaccion","status":"publish","type":"page","link":"https:\/\/byhours.com.co\/home\/en\/encuesta-de-satisfaccion\/","title":{"rendered":"Encuesta de satisfacci\u00f3n"},"content":{"rendered":"<section class=\"wpb-content-wrapper\"><div class=\"qodef-row-grid-section-wrapper\"  style=\"background-color:#4f0b7b\"><div class=\"qodef-row-grid-section\"><div class=\"vc_row wpb_row vc_row-fluid vc_custom_1717772984862\" ><div class=\"wpb_column vc_column_container vc_col-sm-12\"><div class=\"vc_column-inner\"><div class=\"wpb_wrapper\"><div class=\"qodef-section-title-holder  qodef-st-standard qodef-st-title-left  qodef-st-normal-space\" style=\"text-align: center\">\n\t<div class=\"qodef-st-inner\">\n        \t\t\t\t\t<h2 class=\"qodef-st-title\" style=\"color: #ffffff\">\n\t\t\t\tSATISFACTION SURVEY\t\t\t<\/h2>\n\t\t\t\t\t<\/div>\n<\/div><div class=\"vc_row wpb_row vc_inner vc_row-fluid vc_custom_1717773074900\" ><div class=\"wpb_column vc_column_container vc_col-sm-12\"><div class=\"vc_column-inner\"><div class=\"wpb_wrapper\">\n<div class=\"wpcf7 no-js\" id=\"wpcf7-f9128-o1\" lang=\"es-ES\" dir=\"ltr\" data-wpcf7-id=\"9128\">\n<div class=\"screen-reader-response\"><p role=\"status\" aria-live=\"polite\" aria-atomic=\"true\"><\/p> <ul><\/ul><\/div>\n<form action=\"\/home\/en\/wp-json\/wp\/v2\/pages\/9129#wpcf7-f9128-o1\" method=\"post\" class=\"wpcf7-form init\" aria-label=\"Formulario de contacto\" novalidate=\"novalidate\" data-status=\"init\" data-trp-original-action=\"\/home\/en\/wp-json\/wp\/v2\/pages\/9129#wpcf7-f9128-o1\">\n<fieldset class=\"hidden-fields-container\"><input type=\"hidden\" name=\"_wpcf7\" value=\"9128\" \/><input type=\"hidden\" name=\"_wpcf7_version\" value=\"6.1.5\" \/><input type=\"hidden\" name=\"_wpcf7_locale\" value=\"es_ES\" \/><input type=\"hidden\" name=\"_wpcf7_unit_tag\" value=\"wpcf7-f9128-o1\" \/><input type=\"hidden\" name=\"_wpcf7_container_post\" value=\"0\" \/><input type=\"hidden\" name=\"_wpcf7_posted_data_hash\" value=\"\" \/><input type=\"hidden\" name=\"_wpcf7cf_hidden_group_fields\" value=\"[]\" \/><input type=\"hidden\" name=\"_wpcf7cf_hidden_groups\" value=\"[]\" \/><input type=\"hidden\" name=\"_wpcf7cf_visible_groups\" value=\"[]\" \/><input type=\"hidden\" name=\"_wpcf7cf_repeaters\" value=\"[]\" \/><input type=\"hidden\" name=\"_wpcf7cf_steps\" value=\"{}\" \/><input type=\"hidden\" name=\"_wpcf7cf_options\" value=\"{&quot;form_id&quot;:9128,&quot;conditions&quot;:[{&quot;then_field&quot;:&quot;mostrar-acepto-politicas&quot;,&quot;and_rules&quot;:[{&quot;if_field&quot;:&quot;correo-notificaciones&quot;,&quot;operator&quot;:&quot;not empty&quot;,&quot;if_value&quot;:&quot;&quot;}]}],&quot;settings&quot;:{&quot;animation&quot;:&quot;yes&quot;,&quot;animation_intime&quot;:200,&quot;animation_outtime&quot;:200,&quot;conditions_ui&quot;:&quot;normal&quot;,&quot;notice_dismissed&quot;:false}}\" \/><input type=\"hidden\" name=\"_wpcf7_recaptcha_response\" value=\"\" \/>\n<\/fieldset>\n<div class=\"encuesta\">\n<input class=\"wpcf7-form-control wpcf7-hidden\" value=\"\" type=\"hidden\" name=\"hotel-email\" \/>\n\t<p><label> Which hotel did you stay at?<br \/>\n<span class=\"wpcf7-form-control-wrap\" data-name=\"hotel\"><select class=\"wpcf7-form-control wpcf7-select wpcf7-validates-as-required hotel-selector\" aria-required=\"true\" aria-invalid=\"false\" name=\"hotel\"><option value=\"\">&#8212;Por favor, elige una opci\u00f3n&#8212;<\/option><option value=\"Hotel ByHours Las Am\u00e9ricas\">Hotel ByHours Las Am\u00e9ricas<\/option><option value=\"Hotel ByHours Astor\">Hotel ByHours Astor<\/option><option value=\"Hotel ByHours Chiquinquir\u00e1\">Hotel ByHours Chiquinquir\u00e1<\/option><option value=\"Hotel ByHours Circunvalar\">Hotel ByHours Circunvalar<\/option><\/select><\/span> <\/label>\n\t<\/p>\n\t<p><label> Which room did you stay in?<br \/>\n<span class=\"wpcf7-form-control-wrap\" data-name=\"habitacion\"><input size=\"40\" maxlength=\"400\" class=\"wpcf7-form-control wpcf7-text wpcf7-validates-as-required\" aria-required=\"true\" aria-invalid=\"false\" placeholder=\"Room number\" value=\"\" type=\"text\" name=\"habitacion\" \/><\/span> <\/label>\n\t<\/p>\n\t<p><label> How would you rate our service?*<br \/>\n[uacf7_star_rating* calificacion class:estrellas icon:star1 \"default\"] <\/label>\n\t<\/p>\n\t<p><label> How did you like the condition of the room?*<br \/>\n[uacf7_star_rating* estado-habitacion class:estrellas icon:star1 \"default\"] <\/label>\n\t<\/p>\n\t<p><span> Would you recommend us to your friends?*<br \/>\n<span class=\"wpcf7-form-control-wrap\" data-name=\"recomendar-amigos\"><span class=\"wpcf7-form-control wpcf7-radio radiobutton\"><span class=\"wpcf7-list-item first\"><label><input type=\"radio\" name=\"recomendar-amigos\" value=\"Si\" \/><span class=\"wpcf7-list-item-label\">Yes<\/span><\/label><\/span><span class=\"wpcf7-list-item\"><label><input type=\"radio\" name=\"recomendar-amigos\" value=\"Tal vez\" checked=\"checked\" \/><span class=\"wpcf7-list-item-label\">Maybe<\/span><\/label><\/span><span class=\"wpcf7-list-item last\"><label><input type=\"radio\" name=\"recomendar-amigos\" value=\"No\" \/><span class=\"wpcf7-list-item-label\">No<\/span><\/label><\/span><\/span><\/span> <\/span>\n\t<\/p>\n\t<p><label> Your comments (optional)<br \/>\n<span class=\"wpcf7-form-control-wrap\" data-name=\"comentarios\"><textarea cols=\"1\" rows=\"4\" maxlength=\"2000\" class=\"wpcf7-form-control wpcf7-textarea\" aria-invalid=\"false\" name=\"comentarios\"><\/textarea><\/span> <\/label>\n\t<\/p>\n\t<p><label> Would you like to be notified of promotions and events?<br \/>\n<span class=\"wpcf7-form-control-wrap\" data-name=\"correo-notificaciones\"><input size=\"40\" maxlength=\"400\" class=\"wpcf7-form-control wpcf7-email wpcf7-text wpcf7-validates-as-email\" aria-invalid=\"false\" placeholder=\"yourmail@mail.com\" value=\"\" type=\"email\" name=\"correo-notificaciones\" \/><\/span> <\/label>\n\t<\/p>\n\t<div data-id=\"mostrar-acepto-politicas\" data-orig_data_id=\"mostrar-acepto-politicas\"  class=\"\" data-class=\"wpcf7cf_group\">\n\t\t<p><span class=\"wpcf7-form-control-wrap\" data-name=\"acepto-politicas\"><span class=\"wpcf7-form-control wpcf7-acceptance optional\"><span class=\"wpcf7-list-item\"><label><input type=\"checkbox\" name=\"acepto-politicas\" value=\"1\" aria-invalid=\"false\" \/><span class=\"wpcf7-list-item-label\">I accept the privacy and data processing policies.<\/span><\/label><\/span><\/span><\/span>\n\t\t<\/p>\n\t<\/div>\n\t<p><input class=\"wpcf7-form-control wpcf7-submit has-spinner\" type=\"submit\" value=\"Submit\" \/>\n\t<\/p>\n<\/div><p style=\"display: none !important;\" class=\"akismet-fields-container\" data-prefix=\"_wpcf7_ak_\"><label>&#916;<textarea name=\"_wpcf7_ak_hp_textarea\" cols=\"45\" rows=\"8\" maxlength=\"100\"><\/textarea><\/label><input type=\"hidden\" id=\"ak_js_1\" name=\"_wpcf7_ak_js\" value=\"173\"\/><script>document.getElementById( \"ak_js_1\" ).setAttribute( \"value\", ( new Date() ).getTime() );<\/script><\/p><input type='hidden' class='wpcf7-pum' value='{\"closepopup\":false,\"closedelay\":0,\"openpopup\":false,\"openpopup_id\":0}' \/><div class=\"wpcf7-response-output\" aria-hidden=\"true\"><\/div>\n<input type=\"hidden\" name=\"trp-form-language\" value=\"en\"\/><\/form>\n<\/div>\n<\/div><\/div><\/div><\/div><\/div><\/div><\/div><\/div><\/div><\/div>\n<\/section>","protected":false},"excerpt":{"rendered":"ENCUESTA DE SATISFACCI\u00d3N \u00bfEn qu\u00e9 hotel te hospedaste? &#8212;Por favor, elige una opci\u00f3n&#8212;Hotel ByHours Las Am\u00e9ricasHotel ByHours AstorHotel ByHours Chiquinquir\u00e1Hotel ByHours Circunvalar En qu\u00e9 habitaci\u00f3n te quedastes? \u00bfC\u00f3mo calificar\u00edas a nuestro servicio?* [uacf7_star_rating* calificacion class:estrellas icon:star1 \"default\"] \u00bfC\u00f3mo te pareci\u00f3 el estado de la habitaci\u00f3n?* [...]","protected":false},"author":5,"featured_media":0,"parent":0,"menu_order":0,"comment_status":"closed","ping_status":"closed","template":"full-width.php","meta":{"_uf_show_specific_survey":0,"_uf_disable_surveys":false,"footnotes":""},"class_list":["post-9129","page","type-page","status-publish","hentry"],"yoast_head":"<!-- This site is optimized with the Yoast SEO plugin v27.0 - https:\/\/yoast.com\/product\/yoast-seo-wordpress\/ -->\n<title>Encuesta de satisfacci\u00f3n - Hoteles ByHours<\/title>\n<meta name=\"robots\" content=\"index, follow, max-snippet:-1, max-image-preview:large, max-video-preview:-1\" \/>\n<link rel=\"canonical\" href=\"https:\/\/byhours.com.co\/home\/en\/encuesta-de-satisfaccion\/\" \/>\n<meta property=\"og:locale\" content=\"en_US\" \/>\n<meta property=\"og:type\" content=\"article\" \/>\n<meta property=\"og:title\" content=\"Encuesta de satisfacci\u00f3n - Hoteles ByHours\" \/>\n<meta property=\"og:url\" content=\"https:\/\/byhours.com.co\/home\/en\/encuesta-de-satisfaccion\/\" \/>\n<meta property=\"og:site_name\" content=\"Hoteles ByHours\" \/>\n<meta property=\"article:modified_time\" content=\"2024-06-11T20:38:10+00:00\" \/>\n<meta name=\"twitter:card\" content=\"summary_large_image\" \/>\n<meta name=\"twitter:label1\" content=\"Est. reading time\" \/>\n\t<meta name=\"twitter:data1\" content=\"1 minute\" \/>\n<script type=\"application\/ld+json\" class=\"yoast-schema-graph\">{\"@context\":\"https:\/\/schema.org\",\"@graph\":[{\"@type\":\"WebPage\",\"@id\":\"https:\/\/byhours.com.co\/home\/encuesta-de-satisfaccion\/\",\"url\":\"https:\/\/byhours.com.co\/home\/encuesta-de-satisfaccion\/\",\"name\":\"Encuesta de satisfacci\u00f3n - Hoteles ByHours\",\"isPartOf\":{\"@id\":\"https:\/\/byhours.com.co\/home\/#website\"},\"datePublished\":\"2024-06-07T14:13:19+00:00\",\"dateModified\":\"2024-06-11T20:38:10+00:00\",\"breadcrumb\":{\"@id\":\"https:\/\/byhours.com.co\/home\/encuesta-de-satisfaccion\/#breadcrumb\"},\"inLanguage\":\"en-US\",\"potentialAction\":[{\"@type\":\"ReadAction\",\"target\":[\"https:\/\/byhours.com.co\/home\/encuesta-de-satisfaccion\/\"]}]},{\"@type\":\"BreadcrumbList\",\"@id\":\"https:\/\/byhours.com.co\/home\/encuesta-de-satisfaccion\/#breadcrumb\",\"itemListElement\":[{\"@type\":\"ListItem\",\"position\":1,\"name\":\"Portada\",\"item\":\"https:\/\/byhours.com.co\/home\/\"},{\"@type\":\"ListItem\",\"position\":2,\"name\":\"Encuesta de satisfacci\u00f3n\"}]},{\"@type\":\"WebSite\",\"@id\":\"https:\/\/byhours.com.co\/home\/#website\",\"url\":\"https:\/\/byhours.com.co\/home\/\",\"name\":\"Hoteles ByHours\",\"description\":\"Tu tiempo, Tu Hotel\",\"alternateName\":\"ByHours\",\"potentialAction\":[{\"@type\":\"SearchAction\",\"target\":{\"@type\":\"EntryPoint\",\"urlTemplate\":\"https:\/\/byhours.com.co\/home\/?s={search_term_string}\"},\"query-input\":{\"@type\":\"PropertyValueSpecification\",\"valueRequired\":true,\"valueName\":\"search_term_string\"}}],\"inLanguage\":\"en-US\"}]}<\/script>\n<!-- \/ Yoast SEO plugin. -->","yoast_head_json":{"title":"Encuesta de satisfacci\u00f3n - Hoteles ByHours","robots":{"index":"index","follow":"follow","max-snippet":"max-snippet:-1","max-image-preview":"max-image-preview:large","max-video-preview":"max-video-preview:-1"},"canonical":"https:\/\/byhours.com.co\/home\/en\/encuesta-de-satisfaccion\/","og_locale":"en_US","og_type":"article","og_title":"Encuesta de satisfacci\u00f3n - Hoteles ByHours","og_url":"https:\/\/byhours.com.co\/home\/en\/encuesta-de-satisfaccion\/","og_site_name":"Hoteles ByHours","article_modified_time":"2024-06-11T20:38:10+00:00","twitter_card":"summary_large_image","twitter_misc":{"Est. reading time":"1 minute"},"schema":{"@context":"https:\/\/schema.org","@graph":[{"@type":"WebPage","@id":"https:\/\/byhours.com.co\/home\/encuesta-de-satisfaccion\/","url":"https:\/\/byhours.com.co\/home\/encuesta-de-satisfaccion\/","name":"Encuesta de satisfacci\u00f3n - Hoteles ByHours","isPartOf":{"@id":"https:\/\/byhours.com.co\/home\/#website"},"datePublished":"2024-06-07T14:13:19+00:00","dateModified":"2024-06-11T20:38:10+00:00","breadcrumb":{"@id":"https:\/\/byhours.com.co\/home\/encuesta-de-satisfaccion\/#breadcrumb"},"inLanguage":"en-US","potentialAction":[{"@type":"ReadAction","target":["https:\/\/byhours.com.co\/home\/encuesta-de-satisfaccion\/"]}]},{"@type":"BreadcrumbList","@id":"https:\/\/byhours.com.co\/home\/encuesta-de-satisfaccion\/#breadcrumb","itemListElement":[{"@type":"ListItem","position":1,"name":"Portada","item":"https:\/\/byhours.com.co\/home\/"},{"@type":"ListItem","position":2,"name":"Encuesta de satisfacci\u00f3n"}]},{"@type":"WebSite","@id":"https:\/\/byhours.com.co\/home\/#website","url":"https:\/\/byhours.com.co\/home\/","name":"Hoteles ByHours","description":"Tu tiempo, Tu Hotel","alternateName":"ByHours","potentialAction":[{"@type":"SearchAction","target":{"@type":"EntryPoint","urlTemplate":"https:\/\/byhours.com.co\/home\/?s={search_term_string}"},"query-input":{"@type":"PropertyValueSpecification","valueRequired":true,"valueName":"search_term_string"}}],"inLanguage":"en-US"}]}},"_links":{"self":[{"href":"https:\/\/byhours.com.co\/home\/en\/wp-json\/wp\/v2\/pages\/9129","targetHints":{"allow":["GET"]}}],"collection":[{"href":"https:\/\/byhours.com.co\/home\/en\/wp-json\/wp\/v2\/pages"}],"about":[{"href":"https:\/\/byhours.com.co\/home\/en\/wp-json\/wp\/v2\/types\/page"}],"author":[{"embeddable":true,"href":"https:\/\/byhours.com.co\/home\/en\/wp-json\/wp\/v2\/users\/5"}],"replies":[{"embeddable":true,"href":"https:\/\/byhours.com.co\/home\/en\/wp-json\/wp\/v2\/comments?post=9129"}],"version-history":[{"count":16,"href":"https:\/\/byhours.com.co\/home\/en\/wp-json\/wp\/v2\/pages\/9129\/revisions"}],"predecessor-version":[{"id":9180,"href":"https:\/\/byhours.com.co\/home\/en\/wp-json\/wp\/v2\/pages\/9129\/revisions\/9180"}],"wp:attachment":[{"href":"https:\/\/byhours.com.co\/home\/en\/wp-json\/wp\/v2\/media?parent=9129"}],"curies":[{"name":"wp","href":"https:\/\/api.w.org\/{rel}","templated":true}]}}