{"id":7463,"date":"2024-01-27T13:36:11","date_gmt":"2024-01-27T13:36:11","guid":{"rendered":"https:\/\/byhours.com.co\/?page_id=7463"},"modified":"2024-02-26T13:51:53","modified_gmt":"2024-02-26T13:51:53","slug":"plans","status":"publish","type":"page","link":"https:\/\/byhours.com.co\/home\/plans\/","title":{"rendered":"Lo que tenemos para t\u00ed"},"content":{"rendered":"<section class=\"wpb-content-wrapper\"><div class=\"vc_row wpb_row vc_row-fluid vc_custom_1708617869394 vc_row-has-fill\" style=\"background-color:#13002d\"><div class=\"wpb_column vc_column_container vc_col-sm-12\"><div class=\"vc_column-inner\"><div class=\"wpb_wrapper\"><div class=\"vc_row wpb_row vc_inner vc_row-fluid vc_custom_1708618860164 vc_column-gap-15 vc_row-o-content-middle vc_row-flex\" ><div class=\"img-plan wpb_column vc_column_container vc_col-sm-4\"><div class=\"vc_column-inner\"><div class=\"wpb_wrapper\"><div class=\"qodef-single-image-holder   qodef-image-behavior-zoom\">\n    <div class=\"qodef-si-inner\" >\n                                    <img loading=\"lazy\" decoding=\"async\" width=\"1706\" height=\"1706\" src=\"https:\/\/byhours.com.co\/wp-content\/uploads\/2024\/01\/pareja-joven-besar-sillas-1_resultado-scaled-e1706193040441.webp\" class=\"attachment-full size-full\" alt=\"Plan 3 horas\" srcset=\"https:\/\/byhours.com.co\/wp-content\/uploads\/2024\/01\/pareja-joven-besar-sillas-1_resultado-scaled-e1706193040441.webp 1706w, https:\/\/byhours.com.co\/wp-content\/uploads\/2024\/01\/pareja-joven-besar-sillas-1_resultado-scaled-e1706193040441-300x300.webp 300w, https:\/\/byhours.com.co\/wp-content\/uploads\/2024\/01\/pareja-joven-besar-sillas-1_resultado-scaled-e1706193040441-1024x1024.webp 1024w, https:\/\/byhours.com.co\/wp-content\/uploads\/2024\/01\/pareja-joven-besar-sillas-1_resultado-scaled-e1706193040441-150x150.webp 150w, https:\/\/byhours.com.co\/wp-content\/uploads\/2024\/01\/pareja-joven-besar-sillas-1_resultado-scaled-e1706193040441-768x768.webp 768w, https:\/\/byhours.com.co\/wp-content\/uploads\/2024\/01\/pareja-joven-besar-sillas-1_resultado-scaled-e1706193040441-1536x1536.webp 1536w, https:\/\/byhours.com.co\/wp-content\/uploads\/2024\/01\/pareja-joven-besar-sillas-1_resultado-scaled-e1706193040441-12x12.webp 12w, https:\/\/byhours.com.co\/wp-content\/uploads\/2024\/01\/pareja-joven-besar-sillas-1_resultado-scaled-e1706193040441-550x550.webp 550w, https:\/\/byhours.com.co\/wp-content\/uploads\/2024\/01\/pareja-joven-besar-sillas-1_resultado-scaled-e1706193040441-1100x1100.webp 1100w, https:\/\/byhours.com.co\/wp-content\/uploads\/2024\/01\/pareja-joven-besar-sillas-1_resultado-scaled-e1706193040441-600x600.webp 600w, https:\/\/byhours.com.co\/wp-content\/uploads\/2024\/01\/pareja-joven-besar-sillas-1_resultado-scaled-e1706193040441-100x100.webp 100w\" sizes=\"auto, (max-width: 1706px) 100vw, 1706px\" \/>                        <\/div>\n<\/div><\/div><\/div><\/div><div class=\"wpb_column vc_column_container vc_col-sm-2\/5\"><div class=\"vc_column-inner\"><div class=\"wpb_wrapper\"><div class=\"qodef-section-title-holder  qodef-st-standard qodef-st-title-left qodef-st-custom-title-font qodef-st-normal-space  \" >\n\t<div class=\"qodef-st-inner\">\n                    <h5 class=\"qodef-st-subtitle\" style=\"color: #ffffff;font-size: 12px;font-weight: 400\">\n                PARA PAREJAS            <\/h5>\n        \t\t\t\t\t<h3 class=\"qodef-st-title\" style=\"color: #ffffff;font-size: 24px\">\n\t\t\t\tPLAN 3 HORAS\t\t\t<\/h3>\n\t\t\t\t\t\t\t<p class=\"qodef-st-text\" style=\"color: #ffffff\">\n\t\t\t\tDale un giro a tu rutina diaria con un Tiempo para Dos (Plan 3 Horas). La opci\u00f3n perfecta para parejas que buscan escapar y disfrutar de una conexi\u00f3n \u00fanica. ByHours te invita a vivir la experiencia de la relajaci\u00f3n a tu manera.\t\t\t<\/p>\n\t\t\t<\/div>\n<\/div><div class=\"vc_empty_space\"   style=\"height: 20px\"><span class=\"vc_empty_space_inner\"><\/span><\/div><a itemprop=\"url\" href=\"#\" target=\"_self\" style=\"color: #ff5800\" class=\"qodef-btn qodef-btn-medium qodef-btn-simple btn-select-plan plan-3h\"  >\n    <span class=\"qodef-btn-text-wrapper\">\n        <span class=\"qodef-btn-text\">\u00a1RESERVA AHORA!<\/span>\n            <\/span>\n    <span class=\"qodef-btn-bgrnd-wrapper\">\n        <span class=\"qodef-btn-bgrnd-idle\" ><\/span>\n        <span class=\"qodef-btn-bgrnd-hover\" ><\/span>\n    <\/span>\n<\/a><\/div><\/div><\/div><\/div><div class=\"vc_row wpb_row vc_inner vc_row-fluid vc_custom_1708618964067 vc_column-gap-15 vc_row-o-content-middle vc_row-flex\" ><div class=\"img-plan wpb_column vc_column_container vc_col-sm-4\"><div class=\"vc_column-inner\"><div class=\"wpb_wrapper\"><div class=\"qodef-single-image-holder   qodef-image-behavior-zoom\">\n    <div class=\"qodef-si-inner\" >\n                                    <img loading=\"lazy\" decoding=\"async\" width=\"1706\" height=\"1706\" src=\"https:\/\/byhours.com.co\/wp-content\/uploads\/2024\/01\/chicas-emocionadas-traje-casual-primavera-posando-suelo-mejores-amigos-positivos-jugando-pastel1-scaled-e1708097662496.webp\" class=\"attachment-full size-full\" alt=\"Plan 6 horas\" srcset=\"https:\/\/byhours.com.co\/wp-content\/uploads\/2024\/01\/chicas-emocionadas-traje-casual-primavera-posando-suelo-mejores-amigos-positivos-jugando-pastel1-scaled-e1708097662496.webp 1706w, https:\/\/byhours.com.co\/wp-content\/uploads\/2024\/01\/chicas-emocionadas-traje-casual-primavera-posando-suelo-mejores-amigos-positivos-jugando-pastel1-scaled-e1708097662496-300x300.webp 300w, https:\/\/byhours.com.co\/wp-content\/uploads\/2024\/01\/chicas-emocionadas-traje-casual-primavera-posando-suelo-mejores-amigos-positivos-jugando-pastel1-scaled-e1708097662496-1024x1024.webp 1024w, https:\/\/byhours.com.co\/wp-content\/uploads\/2024\/01\/chicas-emocionadas-traje-casual-primavera-posando-suelo-mejores-amigos-positivos-jugando-pastel1-scaled-e1708097662496-150x150.webp 150w, https:\/\/byhours.com.co\/wp-content\/uploads\/2024\/01\/chicas-emocionadas-traje-casual-primavera-posando-suelo-mejores-amigos-positivos-jugando-pastel1-scaled-e1708097662496-768x768.webp 768w, https:\/\/byhours.com.co\/wp-content\/uploads\/2024\/01\/chicas-emocionadas-traje-casual-primavera-posando-suelo-mejores-amigos-positivos-jugando-pastel1-scaled-e1708097662496-1536x1536.webp 1536w, https:\/\/byhours.com.co\/wp-content\/uploads\/2024\/01\/chicas-emocionadas-traje-casual-primavera-posando-suelo-mejores-amigos-positivos-jugando-pastel1-scaled-e1708097662496-12x12.webp 12w, https:\/\/byhours.com.co\/wp-content\/uploads\/2024\/01\/chicas-emocionadas-traje-casual-primavera-posando-suelo-mejores-amigos-positivos-jugando-pastel1-scaled-e1708097662496-550x550.webp 550w, https:\/\/byhours.com.co\/wp-content\/uploads\/2024\/01\/chicas-emocionadas-traje-casual-primavera-posando-suelo-mejores-amigos-positivos-jugando-pastel1-scaled-e1708097662496-1100x1100.webp 1100w, https:\/\/byhours.com.co\/wp-content\/uploads\/2024\/01\/chicas-emocionadas-traje-casual-primavera-posando-suelo-mejores-amigos-positivos-jugando-pastel1-scaled-e1708097662496-600x600.webp 600w, https:\/\/byhours.com.co\/wp-content\/uploads\/2024\/01\/chicas-emocionadas-traje-casual-primavera-posando-suelo-mejores-amigos-positivos-jugando-pastel1-scaled-e1708097662496-100x100.webp 100w\" sizes=\"auto, (max-width: 1706px) 100vw, 1706px\" \/>                        <\/div>\n<\/div><\/div><\/div><\/div><div class=\"wpb_column vc_column_container vc_col-sm-2\/5\"><div class=\"vc_column-inner\"><div class=\"wpb_wrapper\"><div class=\"qodef-section-title-holder  qodef-st-standard qodef-st-title-left qodef-st-custom-title-font qodef-st-normal-space  \" >\n\t<div class=\"qodef-st-inner\">\n                    <h5 class=\"qodef-st-subtitle\" style=\"color: #ffffff;font-size: 12px;font-weight: 400\">\n                PARA AMIGOS Y PAREJAS            <\/h5>\n        \t\t\t\t\t<h3 class=\"qodef-st-title\" style=\"color: #ffffff;font-size: 24px\">\n\t\t\t\tPLAN 6 HORAS\t\t\t<\/h3>\n\t\t\t\t\t\t\t<p class=\"qodef-st-text\" style=\"color: #ffffff\">\n\t\t\t\tDescubre el placer de una pausa en tu rutina y reg\u00e1late un Tiempo de Tranquilidad (Plan 6 Horas). La opci\u00f3n ideal para aquellos que buscan un respiro en medio de su jornada. ByHours te ofrece la flexibilidad de adaptar el tiempo para tu comodidad.\t\t\t<\/p>\n\t\t\t<\/div>\n<\/div><div class=\"vc_empty_space\"   style=\"height: 20px\"><span class=\"vc_empty_space_inner\"><\/span><\/div><a itemprop=\"url\" href=\"#\" target=\"_self\" style=\"color: #ff5800\" class=\"qodef-btn qodef-btn-medium qodef-btn-simple btn-select-plan plan-6h\"  >\n    <span class=\"qodef-btn-text-wrapper\">\n        <span class=\"qodef-btn-text\">\u00a1RESERVA AHORA!<\/span>\n            <\/span>\n    <span class=\"qodef-btn-bgrnd-wrapper\">\n        <span class=\"qodef-btn-bgrnd-idle\" ><\/span>\n        <span class=\"qodef-btn-bgrnd-hover\" ><\/span>\n    <\/span>\n<\/a><\/div><\/div><\/div><\/div><div class=\"vc_row wpb_row vc_inner vc_row-fluid vc_custom_1708618969631 vc_column-gap-15 vc_row-o-content-middle vc_row-flex\" ><div class=\"img-plan wpb_column vc_column_container vc_col-sm-4\"><div class=\"vc_column-inner\"><div class=\"wpb_wrapper\"><div class=\"qodef-single-image-holder   qodef-image-behavior-zoom\">\n    <div class=\"qodef-si-inner\" >\n                                    <img loading=\"lazy\" decoding=\"async\" width=\"1706\" height=\"1706\" src=\"https:\/\/byhours.com.co\/wp-content\/uploads\/2024\/01\/plan-12-horas-scaled-e1706130733840.webp\" class=\"attachment-full size-full\" alt=\"Plan 12 horas\" srcset=\"https:\/\/byhours.com.co\/wp-content\/uploads\/2024\/01\/plan-12-horas-scaled-e1706130733840.webp 1706w, https:\/\/byhours.com.co\/wp-content\/uploads\/2024\/01\/plan-12-horas-scaled-e1706130733840-300x300.webp 300w, https:\/\/byhours.com.co\/wp-content\/uploads\/2024\/01\/plan-12-horas-scaled-e1706130733840-1024x1024.webp 1024w, https:\/\/byhours.com.co\/wp-content\/uploads\/2024\/01\/plan-12-horas-scaled-e1706130733840-150x150.webp 150w, https:\/\/byhours.com.co\/wp-content\/uploads\/2024\/01\/plan-12-horas-scaled-e1706130733840-768x768.webp 768w, https:\/\/byhours.com.co\/wp-content\/uploads\/2024\/01\/plan-12-horas-scaled-e1706130733840-1536x1536.webp 1536w, https:\/\/byhours.com.co\/wp-content\/uploads\/2024\/01\/plan-12-horas-scaled-e1706130733840-12x12.webp 12w, https:\/\/byhours.com.co\/wp-content\/uploads\/2024\/01\/plan-12-horas-scaled-e1706130733840-550x550.webp 550w, https:\/\/byhours.com.co\/wp-content\/uploads\/2024\/01\/plan-12-horas-scaled-e1706130733840-1100x1100.webp 1100w, https:\/\/byhours.com.co\/wp-content\/uploads\/2024\/01\/plan-12-horas-scaled-e1706130733840-600x600.webp 600w, https:\/\/byhours.com.co\/wp-content\/uploads\/2024\/01\/plan-12-horas-scaled-e1706130733840-100x100.webp 100w\" sizes=\"auto, (max-width: 1706px) 100vw, 1706px\" \/>                        <\/div>\n<\/div><\/div><\/div><\/div><div class=\"wpb_column vc_column_container vc_col-sm-2\/5\"><div class=\"vc_column-inner\"><div class=\"wpb_wrapper\"><div class=\"qodef-section-title-holder  qodef-st-standard qodef-st-title-left qodef-st-custom-title-font qodef-st-normal-space  \" >\n\t<div class=\"qodef-st-inner\">\n                    <h5 class=\"qodef-st-subtitle\" style=\"color: #ffffff;font-size: 12px;font-weight: 400\">\n                PARA VIAJEROS FLEXIBLES            <\/h5>\n        \t\t\t\t\t<h3 class=\"qodef-st-title\" style=\"color: #ffffff;font-size: 24px\">\n\t\t\t\tPLAN 12 HORAS\t\t\t<\/h3>\n\t\t\t\t\t\t\t<p class=\"qodef-st-text\" style=\"color: #ffffff\">\n\t\t\t\tPersonaliza el Tiempo a tu Medida (Plan 12 Horas). Una experiencia dise\u00f1ada para adaptarse a tus necesidades, donde cada hora cuenta. En ByHours, te ofrecemos la flexibilidad que mereces.\t\t\t<\/p>\n\t\t\t<\/div>\n<\/div><div class=\"vc_empty_space\"   style=\"height: 20px\"><span class=\"vc_empty_space_inner\"><\/span><\/div><a itemprop=\"url\" href=\"#\" target=\"_self\" style=\"color: #ff5800\" class=\"qodef-btn qodef-btn-medium qodef-btn-simple btn-select-plan plan-12h\"  >\n    <span class=\"qodef-btn-text-wrapper\">\n        <span class=\"qodef-btn-text\">\u00a1RESERVA AHORA!<\/span>\n            <\/span>\n    <span class=\"qodef-btn-bgrnd-wrapper\">\n        <span class=\"qodef-btn-bgrnd-idle\" ><\/span>\n        <span class=\"qodef-btn-bgrnd-hover\" ><\/span>\n    <\/span>\n<\/a><\/div><\/div><\/div><\/div><div class=\"vc_row wpb_row vc_inner vc_row-fluid vc_custom_1708618975312 vc_column-gap-15 vc_row-o-content-middle vc_row-flex\" ><div class=\"img-plan wpb_column vc_column_container vc_col-sm-4\"><div class=\"vc_column-inner\"><div class=\"wpb_wrapper\"><div class=\"qodef-single-image-holder   qodef-image-behavior-zoom\">\n    <div class=\"qodef-si-inner\" >\n                                    <img loading=\"lazy\" decoding=\"async\" width=\"1706\" height=\"1706\" src=\"https:\/\/byhours.com.co\/wp-content\/uploads\/2024\/01\/plan-24-horas-scaled-e1706130803730.webp\" class=\"attachment-full size-full\" alt=\"Plan 24 horas\" srcset=\"https:\/\/byhours.com.co\/wp-content\/uploads\/2024\/01\/plan-24-horas-scaled-e1706130803730.webp 1706w, https:\/\/byhours.com.co\/wp-content\/uploads\/2024\/01\/plan-24-horas-scaled-e1706130803730-300x300.webp 300w, https:\/\/byhours.com.co\/wp-content\/uploads\/2024\/01\/plan-24-horas-scaled-e1706130803730-1024x1024.webp 1024w, https:\/\/byhours.com.co\/wp-content\/uploads\/2024\/01\/plan-24-horas-scaled-e1706130803730-150x150.webp 150w, https:\/\/byhours.com.co\/wp-content\/uploads\/2024\/01\/plan-24-horas-scaled-e1706130803730-768x768.webp 768w, https:\/\/byhours.com.co\/wp-content\/uploads\/2024\/01\/plan-24-horas-scaled-e1706130803730-1536x1536.webp 1536w, https:\/\/byhours.com.co\/wp-content\/uploads\/2024\/01\/plan-24-horas-scaled-e1706130803730-12x12.webp 12w, https:\/\/byhours.com.co\/wp-content\/uploads\/2024\/01\/plan-24-horas-scaled-e1706130803730-550x550.webp 550w, https:\/\/byhours.com.co\/wp-content\/uploads\/2024\/01\/plan-24-horas-scaled-e1706130803730-1100x1100.webp 1100w, https:\/\/byhours.com.co\/wp-content\/uploads\/2024\/01\/plan-24-horas-scaled-e1706130803730-600x600.webp 600w, https:\/\/byhours.com.co\/wp-content\/uploads\/2024\/01\/plan-24-horas-scaled-e1706130803730-100x100.webp 100w\" sizes=\"auto, (max-width: 1706px) 100vw, 1706px\" \/>                        <\/div>\n<\/div><\/div><\/div><\/div><div class=\"wpb_column vc_column_container vc_col-sm-2\/5\"><div class=\"vc_column-inner\"><div class=\"wpb_wrapper\"><div class=\"qodef-section-title-holder  qodef-st-standard qodef-st-title-left qodef-st-custom-title-font qodef-st-normal-space  \" >\n\t<div class=\"qodef-st-inner\">\n                    <h5 class=\"qodef-st-subtitle\" style=\"color: #ffffff;font-size: 12px;font-weight: 400\">\n                PARA VIAJEROS DE ESTADIAS PROLONGADAS            <\/h5>\n        \t\t\t\t\t<h3 class=\"qodef-st-title\" style=\"color: #ffffff;font-size: 24px\">\n\t\t\t\tPLAN 24 HORAS\t\t\t<\/h3>\n\t\t\t\t\t\t\t<p class=\"qodef-st-text\" style=\"color: #ffffff\">\n\t\t\t\tExplora sin preocupaciones en tu Tiempo de Viajar (Plan 24 Horas). La elecci\u00f3n perfecta para explorar, descansar y disfrutar. En ByHours, te brindamos la libertad de vivir cada hora a tu manera.\t\t\t<\/p>\n\t\t\t<\/div>\n<\/div><div class=\"vc_empty_space\"   style=\"height: 20px\"><span class=\"vc_empty_space_inner\"><\/span><\/div><a itemprop=\"url\" href=\"#\" target=\"_self\" style=\"color: #ff5800\" class=\"qodef-btn qodef-btn-medium qodef-btn-simple btn-select-plan plan-24h\"  >\n    <span class=\"qodef-btn-text-wrapper\">\n        <span class=\"qodef-btn-text\">\u00a1RESERVA AHORA!<\/span>\n            <\/span>\n    <span class=\"qodef-btn-bgrnd-wrapper\">\n        <span class=\"qodef-btn-bgrnd-idle\" ><\/span>\n        <span class=\"qodef-btn-bgrnd-hover\" ><\/span>\n    <\/span>\n<\/a><\/div><\/div><\/div><\/div><div class=\"vc_row wpb_row vc_inner vc_row-fluid vc_custom_1708618982624 vc_column-gap-15 vc_row-o-content-middle vc_row-flex\" ><div class=\"img-plan wpb_column vc_column_container vc_col-sm-4\"><div class=\"vc_column-inner\"><div class=\"wpb_wrapper\"><div class=\"qodef-single-image-holder   qodef-image-behavior-zoom\">\n    <div class=\"qodef-si-inner\" >\n                                    <img loading=\"lazy\" decoding=\"async\" width=\"1706\" height=\"1706\" src=\"https:\/\/byhours.com.co\/wp-content\/uploads\/2024\/01\/encantadora-pareja-joven-ropa-fiesta-divirtiendose-camara-haciendo-fotos-bebiendo-vino-posando-encantadora-contra-pared-color-purpura-claro-scaled-e1708097265635.webp\" class=\"attachment-full size-full\" alt=\"Plan Rom\u00e1ntico\" srcset=\"https:\/\/byhours.com.co\/wp-content\/uploads\/2024\/01\/encantadora-pareja-joven-ropa-fiesta-divirtiendose-camara-haciendo-fotos-bebiendo-vino-posando-encantadora-contra-pared-color-purpura-claro-scaled-e1708097265635.webp 1706w, https:\/\/byhours.com.co\/wp-content\/uploads\/2024\/01\/encantadora-pareja-joven-ropa-fiesta-divirtiendose-camara-haciendo-fotos-bebiendo-vino-posando-encantadora-contra-pared-color-purpura-claro-scaled-e1708097265635-300x300.webp 300w, https:\/\/byhours.com.co\/wp-content\/uploads\/2024\/01\/encantadora-pareja-joven-ropa-fiesta-divirtiendose-camara-haciendo-fotos-bebiendo-vino-posando-encantadora-contra-pared-color-purpura-claro-scaled-e1708097265635-1024x1024.webp 1024w, https:\/\/byhours.com.co\/wp-content\/uploads\/2024\/01\/encantadora-pareja-joven-ropa-fiesta-divirtiendose-camara-haciendo-fotos-bebiendo-vino-posando-encantadora-contra-pared-color-purpura-claro-scaled-e1708097265635-150x150.webp 150w, https:\/\/byhours.com.co\/wp-content\/uploads\/2024\/01\/encantadora-pareja-joven-ropa-fiesta-divirtiendose-camara-haciendo-fotos-bebiendo-vino-posando-encantadora-contra-pared-color-purpura-claro-scaled-e1708097265635-768x768.webp 768w, https:\/\/byhours.com.co\/wp-content\/uploads\/2024\/01\/encantadora-pareja-joven-ropa-fiesta-divirtiendose-camara-haciendo-fotos-bebiendo-vino-posando-encantadora-contra-pared-color-purpura-claro-scaled-e1708097265635-1536x1536.webp 1536w, https:\/\/byhours.com.co\/wp-content\/uploads\/2024\/01\/encantadora-pareja-joven-ropa-fiesta-divirtiendose-camara-haciendo-fotos-bebiendo-vino-posando-encantadora-contra-pared-color-purpura-claro-scaled-e1708097265635-12x12.webp 12w, https:\/\/byhours.com.co\/wp-content\/uploads\/2024\/01\/encantadora-pareja-joven-ropa-fiesta-divirtiendose-camara-haciendo-fotos-bebiendo-vino-posando-encantadora-contra-pared-color-purpura-claro-scaled-e1708097265635-550x550.webp 550w, https:\/\/byhours.com.co\/wp-content\/uploads\/2024\/01\/encantadora-pareja-joven-ropa-fiesta-divirtiendose-camara-haciendo-fotos-bebiendo-vino-posando-encantadora-contra-pared-color-purpura-claro-scaled-e1708097265635-1100x1100.webp 1100w, https:\/\/byhours.com.co\/wp-content\/uploads\/2024\/01\/encantadora-pareja-joven-ropa-fiesta-divirtiendose-camara-haciendo-fotos-bebiendo-vino-posando-encantadora-contra-pared-color-purpura-claro-scaled-e1708097265635-600x600.webp 600w, https:\/\/byhours.com.co\/wp-content\/uploads\/2024\/01\/encantadora-pareja-joven-ropa-fiesta-divirtiendose-camara-haciendo-fotos-bebiendo-vino-posando-encantadora-contra-pared-color-purpura-claro-scaled-e1708097265635-100x100.webp 100w\" sizes=\"auto, (max-width: 1706px) 100vw, 1706px\" \/>                        <\/div>\n<\/div><\/div><\/div><\/div><div class=\"wpb_column vc_column_container vc_col-sm-2\/5\"><div class=\"vc_column-inner\"><div class=\"wpb_wrapper\"><div class=\"qodef-section-title-holder  qodef-st-standard qodef-st-title-left qodef-st-custom-title-font qodef-st-normal-space  \" >\n\t<div class=\"qodef-st-inner\">\n                    <h5 class=\"qodef-st-subtitle\" style=\"color: #ffffff;font-size: 12px;font-weight: 400\">\n                PARA FECHAS ESPECIALES            <\/h5>\n        \t\t\t\t\t<h3 class=\"qodef-st-title\" style=\"color: #ffffff;font-size: 24px\">\n\t\t\t\tPLAN ROM\u00c1NTICO\t\t\t<\/h3>\n\t\t\t\t\t\t\t<p class=\"qodef-st-text\" style=\"color: #ffffff\">\n\t\t\t\tHaz que tu tiempo juntos sea a\u00fan m\u00e1s especial con un Tiempo Rom\u00e1ntico en ByHours. Transforma tu estancia con una decoraci\u00f3n rom\u00e1ntica en la habitaci\u00f3n, creamos un ambiente perfecto para celebrar el amor.\t\t\t<\/p>\n\t\t\t<\/div>\n<\/div><div class=\"vc_empty_space\"   style=\"height: 20px\"><span class=\"vc_empty_space_inner\"><\/span><\/div><a itemprop=\"url\" href=\"#\" target=\"_self\" style=\"color: #ff5800\" class=\"qodef-btn qodef-btn-medium qodef-btn-simple btn-select-plan plan-romantico\"  >\n    <span class=\"qodef-btn-text-wrapper\">\n        <span class=\"qodef-btn-text\">\u00a1RESERVA AHORA!<\/span>\n            <\/span>\n    <span class=\"qodef-btn-bgrnd-wrapper\">\n        <span class=\"qodef-btn-bgrnd-idle\" ><\/span>\n        <span class=\"qodef-btn-bgrnd-hover\" ><\/span>\n    <\/span>\n<\/a><\/div><\/div><\/div><\/div><\/div><\/div><\/div><\/div>\n<\/section>","protected":false},"excerpt":{"rendered":"PARA PAREJAS PLAN 3 HORAS Dale un giro a tu rutina diaria con un Tiempo para Dos (Plan 3 Horas). La opci\u00f3n perfecta para parejas que buscan escapar y disfrutar de una conexi\u00f3n \u00fanica. ByHours te invita a vivir la experiencia de la relajaci\u00f3n a [...]","protected":false},"author":5,"featured_media":0,"parent":0,"menu_order":0,"comment_status":"closed","ping_status":"closed","template":"","meta":{"_uf_show_specific_survey":0,"_uf_disable_surveys":false,"footnotes":""},"class_list":["post-7463","page","type-page","status-publish","hentry"],"yoast_head":"<!-- This site is optimized with the Yoast SEO plugin v27.0 - https:\/\/yoast.com\/product\/yoast-seo-wordpress\/ -->\n<title>Lo que tenemos para t\u00ed - Hoteles ByHours<\/title>\n<meta name=\"robots\" content=\"index, follow, max-snippet:-1, max-image-preview:large, max-video-preview:-1\" \/>\n<link rel=\"canonical\" href=\"https:\/\/byhours.com.co\/home\/plans\/\" \/>\n<meta property=\"og:locale\" content=\"es_ES\" \/>\n<meta property=\"og:type\" content=\"article\" \/>\n<meta property=\"og:title\" content=\"Lo que tenemos para t\u00ed - Hoteles ByHours\" \/>\n<meta property=\"og:url\" content=\"https:\/\/byhours.com.co\/home\/plans\/\" \/>\n<meta property=\"og:site_name\" content=\"Hoteles ByHours\" \/>\n<meta property=\"article:modified_time\" content=\"2024-02-26T13:51:53+00:00\" \/>\n<meta name=\"twitter:card\" content=\"summary_large_image\" \/>\n<meta name=\"twitter:label1\" content=\"Tiempo de lectura\" \/>\n\t<meta name=\"twitter:data1\" content=\"3 minutos\" \/>\n<script type=\"application\/ld+json\" class=\"yoast-schema-graph\">{\"@context\":\"https:\/\/schema.org\",\"@graph\":[{\"@type\":\"WebPage\",\"@id\":\"https:\/\/byhours.com.co\/home\/plans\/\",\"url\":\"https:\/\/byhours.com.co\/home\/plans\/\",\"name\":\"Lo que tenemos para t\u00ed - Hoteles ByHours\",\"isPartOf\":{\"@id\":\"https:\/\/byhours.com.co\/home\/#website\"},\"datePublished\":\"2024-01-27T13:36:11+00:00\",\"dateModified\":\"2024-02-26T13:51:53+00:00\",\"breadcrumb\":{\"@id\":\"https:\/\/byhours.com.co\/home\/plans\/#breadcrumb\"},\"inLanguage\":\"es\",\"potentialAction\":[{\"@type\":\"ReadAction\",\"target\":[\"https:\/\/byhours.com.co\/home\/plans\/\"]}]},{\"@type\":\"BreadcrumbList\",\"@id\":\"https:\/\/byhours.com.co\/home\/plans\/#breadcrumb\",\"itemListElement\":[{\"@type\":\"ListItem\",\"position\":1,\"name\":\"Portada\",\"item\":\"https:\/\/byhours.com.co\/home\/\"},{\"@type\":\"ListItem\",\"position\":2,\"name\":\"Lo que tenemos para t\u00ed\"}]},{\"@type\":\"WebSite\",\"@id\":\"https:\/\/byhours.com.co\/home\/#website\",\"url\":\"https:\/\/byhours.com.co\/home\/\",\"name\":\"Hoteles ByHours\",\"description\":\"Tu tiempo, Tu Hotel\",\"alternateName\":\"ByHours\",\"potentialAction\":[{\"@type\":\"SearchAction\",\"target\":{\"@type\":\"EntryPoint\",\"urlTemplate\":\"https:\/\/byhours.com.co\/home\/?s={search_term_string}\"},\"query-input\":{\"@type\":\"PropertyValueSpecification\",\"valueRequired\":true,\"valueName\":\"search_term_string\"}}],\"inLanguage\":\"es\"}]}<\/script>\n<!-- \/ Yoast SEO plugin. -->","yoast_head_json":{"title":"Lo que tenemos para t\u00ed - Hoteles ByHours","robots":{"index":"index","follow":"follow","max-snippet":"max-snippet:-1","max-image-preview":"max-image-preview:large","max-video-preview":"max-video-preview:-1"},"canonical":"https:\/\/byhours.com.co\/home\/plans\/","og_locale":"es_ES","og_type":"article","og_title":"Lo que tenemos para t\u00ed - Hoteles ByHours","og_url":"https:\/\/byhours.com.co\/home\/plans\/","og_site_name":"Hoteles ByHours","article_modified_time":"2024-02-26T13:51:53+00:00","twitter_card":"summary_large_image","twitter_misc":{"Tiempo de lectura":"3 minutos"},"schema":{"@context":"https:\/\/schema.org","@graph":[{"@type":"WebPage","@id":"https:\/\/byhours.com.co\/home\/plans\/","url":"https:\/\/byhours.com.co\/home\/plans\/","name":"Lo que tenemos para t\u00ed - Hoteles ByHours","isPartOf":{"@id":"https:\/\/byhours.com.co\/home\/#website"},"datePublished":"2024-01-27T13:36:11+00:00","dateModified":"2024-02-26T13:51:53+00:00","breadcrumb":{"@id":"https:\/\/byhours.com.co\/home\/plans\/#breadcrumb"},"inLanguage":"es","potentialAction":[{"@type":"ReadAction","target":["https:\/\/byhours.com.co\/home\/plans\/"]}]},{"@type":"BreadcrumbList","@id":"https:\/\/byhours.com.co\/home\/plans\/#breadcrumb","itemListElement":[{"@type":"ListItem","position":1,"name":"Portada","item":"https:\/\/byhours.com.co\/home\/"},{"@type":"ListItem","position":2,"name":"Lo que tenemos para t\u00ed"}]},{"@type":"WebSite","@id":"https:\/\/byhours.com.co\/home\/#website","url":"https:\/\/byhours.com.co\/home\/","name":"Hoteles ByHours","description":"Tu tiempo, Tu Hotel","alternateName":"ByHours","potentialAction":[{"@type":"SearchAction","target":{"@type":"EntryPoint","urlTemplate":"https:\/\/byhours.com.co\/home\/?s={search_term_string}"},"query-input":{"@type":"PropertyValueSpecification","valueRequired":true,"valueName":"search_term_string"}}],"inLanguage":"es"}]}},"_links":{"self":[{"href":"https:\/\/byhours.com.co\/home\/wp-json\/wp\/v2\/pages\/7463","targetHints":{"allow":["GET"]}}],"collection":[{"href":"https:\/\/byhours.com.co\/home\/wp-json\/wp\/v2\/pages"}],"about":[{"href":"https:\/\/byhours.com.co\/home\/wp-json\/wp\/v2\/types\/page"}],"author":[{"embeddable":true,"href":"https:\/\/byhours.com.co\/home\/wp-json\/wp\/v2\/users\/5"}],"replies":[{"embeddable":true,"href":"https:\/\/byhours.com.co\/home\/wp-json\/wp\/v2\/comments?post=7463"}],"version-history":[{"count":67,"href":"https:\/\/byhours.com.co\/home\/wp-json\/wp\/v2\/pages\/7463\/revisions"}],"predecessor-version":[{"id":7999,"href":"https:\/\/byhours.com.co\/home\/wp-json\/wp\/v2\/pages\/7463\/revisions\/7999"}],"wp:attachment":[{"href":"https:\/\/byhours.com.co\/home\/wp-json\/wp\/v2\/media?parent=7463"}],"curies":[{"name":"wp","href":"https:\/\/api.w.org\/{rel}","templated":true}]}}