{"id":916,"date":"2018-05-03T10:47:10","date_gmt":"2018-05-03T10:47:10","guid":{"rendered":"https:\/\/iver.qodeinteractive.com\/?page_id=916"},"modified":"2025-01-17T23:33:53","modified_gmt":"2025-01-17T23:33:53","slug":"blog","status":"publish","type":"page","link":"https:\/\/byhours.com.co\/home\/blog\/","title":{"rendered":"Blog"},"content":{"rendered":"<ul class=\"wp-block-latest-posts__list has-dates wp-block-latest-posts\"><li><div class=\"wp-block-latest-posts__featured-image aligncenter\"><a href=\"https:\/\/byhours.com.co\/home\/2025\/07\/21\/concierto-en-bogota-preparate-para-vivirlo-al-maximo\/\" aria-label=\"\u00bfVas a un concierto en Bogot\u00e1? Prep\u00e1rate para vivirlo al m\u00e1ximo\"><img loading=\"lazy\" decoding=\"async\" width=\"150\" height=\"150\" src=\"https:\/\/byhours.com.co\/wp-content\/uploads\/2025\/07\/concierto-en-bogota-imagen-destacada-150x150.jpg\" class=\"attachment-thumbnail size-thumbnail wp-post-image\" alt=\"Concierto en Bogot\u00e1\" style=\"max-width:150px;max-height:150px;\" srcset=\"https:\/\/byhours.com.co\/wp-content\/uploads\/2025\/07\/concierto-en-bogota-imagen-destacada-150x150.jpg 150w, https:\/\/byhours.com.co\/wp-content\/uploads\/2025\/07\/concierto-en-bogota-imagen-destacada-550x550.jpg 550w, https:\/\/byhours.com.co\/wp-content\/uploads\/2025\/07\/concierto-en-bogota-imagen-destacada-300x300.jpg 300w, https:\/\/byhours.com.co\/wp-content\/uploads\/2025\/07\/concierto-en-bogota-imagen-destacada-100x100.jpg 100w\" sizes=\"auto, (max-width: 150px) 100vw, 150px\" \/><\/a><\/div><a class=\"wp-block-latest-posts__post-title\" href=\"https:\/\/byhours.com.co\/home\/2025\/07\/21\/concierto-en-bogota-preparate-para-vivirlo-al-maximo\/\">\u00bfVas a un concierto en Bogot\u00e1? Prep\u00e1rate para vivirlo al m\u00e1ximo<\/a><time datetime=\"2025-07-21T15:24:42+00:00\" class=\"wp-block-latest-posts__post-date\">julio 21, 2025<\/time><div class=\"wp-block-latest-posts__post-excerpt\">Te dejamos algunos tips para que disfrutes tu concierto en Bogot\u00e1, con un plan para antes y despu\u00e9s del evento que se ajuste a tu medida.<\/div><\/li>\n<li><div class=\"wp-block-latest-posts__featured-image aligncenter\"><a href=\"https:\/\/byhours.com.co\/home\/2025\/07\/01\/5-experiencias-unicas-mas-alla-del-centro-historico\/\" aria-label=\"Planes en Bogot\u00e1: 5 experiencias \u00fanicas m\u00e1s all\u00e1 del centro hist\u00f3rico\"><img loading=\"lazy\" decoding=\"async\" width=\"150\" height=\"150\" src=\"https:\/\/byhours.com.co\/wp-content\/uploads\/2025\/07\/planes-en-bogota-panoramica-imagen-destacada-150x150.jpg\" class=\"attachment-thumbnail size-thumbnail wp-post-image\" alt=\"planes en Bogot\u00e1\" style=\"max-width:150px;max-height:150px;\" srcset=\"https:\/\/byhours.com.co\/wp-content\/uploads\/2025\/07\/planes-en-bogota-panoramica-imagen-destacada-150x150.jpg 150w, https:\/\/byhours.com.co\/wp-content\/uploads\/2025\/07\/planes-en-bogota-panoramica-imagen-destacada-550x550.jpg 550w, https:\/\/byhours.com.co\/wp-content\/uploads\/2025\/07\/planes-en-bogota-panoramica-imagen-destacada-300x300.jpg 300w, https:\/\/byhours.com.co\/wp-content\/uploads\/2025\/07\/planes-en-bogota-panoramica-imagen-destacada-100x100.jpg 100w\" sizes=\"auto, (max-width: 150px) 100vw, 150px\" \/><\/a><\/div><a class=\"wp-block-latest-posts__post-title\" href=\"https:\/\/byhours.com.co\/home\/2025\/07\/01\/5-experiencias-unicas-mas-alla-del-centro-historico\/\">Planes en Bogot\u00e1: 5 experiencias \u00fanicas m\u00e1s all\u00e1 del centro hist\u00f3rico<\/a><time datetime=\"2025-07-01T21:13:58+00:00\" class=\"wp-block-latest-posts__post-date\">julio 1, 2025<\/time><div class=\"wp-block-latest-posts__post-excerpt\">Descubre 5 planes imperdibles para disfrutar Bogot\u00e1: cultura, naturaleza, arte urbano y descanso. Ideal para turistas de paso o escapadas cortas. \u00a1Explora y reserva tu estad\u00eda flexible!<\/div><\/li>\n<li><div class=\"wp-block-latest-posts__featured-image aligncenter\"><a href=\"https:\/\/byhours.com.co\/home\/2025\/05\/29\/que-hacer-en-barranquilla-turismo-5-experiencias-imperdibles-en-barranquilla\/\" aria-label=\"Descubre la alegr\u00eda del Caribe: gu\u00eda completa de 5 experiencias imperdibles en Barranquilla\"><img loading=\"lazy\" decoding=\"async\" width=\"150\" height=\"150\" src=\"https:\/\/byhours.com.co\/wp-content\/uploads\/2025\/05\/que-hacer-en-barranquilla-imagen-destacada-150x150.jpg\" class=\"attachment-thumbnail size-thumbnail wp-post-image\" alt=\"Qu\u00e9 hacer en Barranquilla turismo\" style=\"max-width:150px;max-height:150px;\" srcset=\"https:\/\/byhours.com.co\/wp-content\/uploads\/2025\/05\/que-hacer-en-barranquilla-imagen-destacada-150x150.jpg 150w, https:\/\/byhours.com.co\/wp-content\/uploads\/2025\/05\/que-hacer-en-barranquilla-imagen-destacada-550x550.jpg 550w, https:\/\/byhours.com.co\/wp-content\/uploads\/2025\/05\/que-hacer-en-barranquilla-imagen-destacada-300x300.jpg 300w, https:\/\/byhours.com.co\/wp-content\/uploads\/2025\/05\/que-hacer-en-barranquilla-imagen-destacada-100x100.jpg 100w\" sizes=\"auto, (max-width: 150px) 100vw, 150px\" \/><\/a><\/div><a class=\"wp-block-latest-posts__post-title\" href=\"https:\/\/byhours.com.co\/home\/2025\/05\/29\/que-hacer-en-barranquilla-turismo-5-experiencias-imperdibles-en-barranquilla\/\">Descubre la alegr\u00eda del Caribe: gu\u00eda completa de 5 experiencias imperdibles en Barranquilla<\/a><time datetime=\"2025-05-29T00:14:15+00:00\" class=\"wp-block-latest-posts__post-date\">mayo 29, 2025<\/time><div class=\"wp-block-latest-posts__post-excerpt\">Descubre qu\u00e9 hacer en Barranquilla turismo con estas 5 experiencias. Planifica tu viaje y encuentra alojamiento con Hoteles ByHours.<\/div><\/li>\n<li><div class=\"wp-block-latest-posts__featured-image aligncenter\"><a href=\"https:\/\/byhours.com.co\/home\/2025\/04\/23\/que-hacer-en-el-centro-de-bogota\/\" aria-label=\"\u00bfQu\u00e9 hacer en el centro de Bogot\u00e1? Gu\u00eda pr\u00e1ctica para aprovechar cada minuto\"><img loading=\"lazy\" decoding=\"async\" width=\"150\" height=\"150\" src=\"https:\/\/byhours.com.co\/wp-content\/uploads\/2025\/04\/que-hacer-en-el-centro-de-bogota-imagen-destacada-150x150.jpg\" class=\"attachment-thumbnail size-thumbnail wp-post-image\" alt=\"Qu\u00e9 hacer en el centro de Bogot\u00e1: Hoteles ByHours\" style=\"max-width:150px;max-height:150px;\" srcset=\"https:\/\/byhours.com.co\/wp-content\/uploads\/2025\/04\/que-hacer-en-el-centro-de-bogota-imagen-destacada-150x150.jpg 150w, https:\/\/byhours.com.co\/wp-content\/uploads\/2025\/04\/que-hacer-en-el-centro-de-bogota-imagen-destacada-550x550.jpg 550w, https:\/\/byhours.com.co\/wp-content\/uploads\/2025\/04\/que-hacer-en-el-centro-de-bogota-imagen-destacada-1100x1100.jpg 1100w, https:\/\/byhours.com.co\/wp-content\/uploads\/2025\/04\/que-hacer-en-el-centro-de-bogota-imagen-destacada-300x300.jpg 300w, https:\/\/byhours.com.co\/wp-content\/uploads\/2025\/04\/que-hacer-en-el-centro-de-bogota-imagen-destacada-100x100.jpg 100w\" sizes=\"auto, (max-width: 150px) 100vw, 150px\" \/><\/a><\/div><a class=\"wp-block-latest-posts__post-title\" href=\"https:\/\/byhours.com.co\/home\/2025\/04\/23\/que-hacer-en-el-centro-de-bogota\/\">\u00bfQu\u00e9 hacer en el centro de Bogot\u00e1? Gu\u00eda pr\u00e1ctica para aprovechar cada minuto<\/a><time datetime=\"2025-04-23T23:22:04+00:00\" class=\"wp-block-latest-posts__post-date\">abril 23, 2025<\/time><div class=\"wp-block-latest-posts__post-excerpt\">Qu\u00e9 hacer en el centro de Bogot\u00e1: es el coraz\u00f3n de la capital colombiana, donde cada calle cuenta una historia y cada rinc\u00f3n guarda una experiencia \u00fanica. <\/div><\/li>\n<li><div class=\"wp-block-latest-posts__featured-image aligncenter\"><a href=\"https:\/\/byhours.com.co\/home\/2025\/03\/13\/el-hotel-continental-reabre-sus-puertas-con-una-nueva-forma-de-hospedarte\/\" aria-label=\"El Hotel Continental reabre sus puertas con una nueva forma de hospedarte\"><img loading=\"lazy\" decoding=\"async\" width=\"150\" height=\"150\" src=\"https:\/\/byhours.com.co\/wp-content\/uploads\/2025\/03\/Hotel-ByHours-Continental-Bogota-Inicio-banner-principal-150x150.jpg\" class=\"attachment-thumbnail size-thumbnail wp-post-image\" alt=\"Hotel-ByHours-Continental\" style=\"max-width:150px;max-height:150px;\" srcset=\"https:\/\/byhours.com.co\/wp-content\/uploads\/2025\/03\/Hotel-ByHours-Continental-Bogota-Inicio-banner-principal-150x150.jpg 150w, https:\/\/byhours.com.co\/wp-content\/uploads\/2025\/03\/Hotel-ByHours-Continental-Bogota-Inicio-banner-principal-550x550.jpg 550w, https:\/\/byhours.com.co\/wp-content\/uploads\/2025\/03\/Hotel-ByHours-Continental-Bogota-Inicio-banner-principal-1100x1100.jpg 1100w, https:\/\/byhours.com.co\/wp-content\/uploads\/2025\/03\/Hotel-ByHours-Continental-Bogota-Inicio-banner-principal-300x300.jpg 300w, https:\/\/byhours.com.co\/wp-content\/uploads\/2025\/03\/Hotel-ByHours-Continental-Bogota-Inicio-banner-principal-100x100.jpg 100w\" sizes=\"auto, (max-width: 150px) 100vw, 150px\" \/><\/a><\/div><a class=\"wp-block-latest-posts__post-title\" href=\"https:\/\/byhours.com.co\/home\/2025\/03\/13\/el-hotel-continental-reabre-sus-puertas-con-una-nueva-forma-de-hospedarte\/\">El Hotel Continental reabre sus puertas con una nueva forma de hospedarte<\/a><time datetime=\"2025-03-13T13:55:58+00:00\" class=\"wp-block-latest-posts__post-date\">marzo 13, 2025<\/time><div class=\"wp-block-latest-posts__post-excerpt\">El ic\u00f3nico Hotel Continental inicia una nueva era este 15 de febrero, ahora bajo la operaci\u00f3n de Hoteles ByHours. Con un enfoque innovador, ofrece a sus hu\u00e9spedes la posibilidad de pagar \u00fanicamente por las horas que realmente necesitan, convirti\u00e9ndose en la soluci\u00f3n ideal para los viajeros modernos que valoran la flexibilidad y el tiempo.<\/div><\/li>\n<\/ul>","protected":false},"excerpt":{"rendered":"","protected":false},"author":5,"featured_media":0,"parent":0,"menu_order":0,"comment_status":"closed","ping_status":"closed","template":"blog-standard","meta":{"_uf_show_specific_survey":0,"_uf_disable_surveys":false,"footnotes":""},"class_list":["post-916","page","type-page","status-publish","hentry"],"yoast_head":"<!-- This site is optimized with the Yoast SEO plugin v27.0 - https:\/\/yoast.com\/product\/yoast-seo-wordpress\/ -->\n<title>Blog - Hoteles ByHours<\/title>\n<meta name=\"robots\" content=\"index, follow, max-snippet:-1, max-image-preview:large, max-video-preview:-1\" \/>\n<link rel=\"canonical\" href=\"https:\/\/byhours.com.co\/home\/blog\/\" \/>\n<meta property=\"og:locale\" content=\"es_ES\" \/>\n<meta property=\"og:type\" content=\"article\" \/>\n<meta property=\"og:title\" content=\"Blog - Hoteles ByHours\" \/>\n<meta property=\"og:url\" content=\"https:\/\/byhours.com.co\/home\/blog\/\" \/>\n<meta property=\"og:site_name\" content=\"Hoteles ByHours\" \/>\n<meta property=\"article:modified_time\" content=\"2025-01-17T23:33:53+00:00\" \/>\n<meta name=\"twitter:card\" content=\"summary_large_image\" \/>\n<script type=\"application\/ld+json\" class=\"yoast-schema-graph\">{\"@context\":\"https:\/\/schema.org\",\"@graph\":[{\"@type\":\"WebPage\",\"@id\":\"https:\/\/byhours.com.co\/home\/blog\/\",\"url\":\"https:\/\/byhours.com.co\/home\/blog\/\",\"name\":\"Blog - Hoteles ByHours\",\"isPartOf\":{\"@id\":\"https:\/\/byhours.com.co\/home\/#website\"},\"datePublished\":\"2018-05-03T10:47:10+00:00\",\"dateModified\":\"2025-01-17T23:33:53+00:00\",\"breadcrumb\":{\"@id\":\"https:\/\/byhours.com.co\/home\/blog\/#breadcrumb\"},\"inLanguage\":\"es\",\"potentialAction\":[{\"@type\":\"ReadAction\",\"target\":[\"https:\/\/byhours.com.co\/home\/blog\/\"]}]},{\"@type\":\"BreadcrumbList\",\"@id\":\"https:\/\/byhours.com.co\/home\/blog\/#breadcrumb\",\"itemListElement\":[{\"@type\":\"ListItem\",\"position\":1,\"name\":\"Portada\",\"item\":\"https:\/\/byhours.com.co\/home\/\"},{\"@type\":\"ListItem\",\"position\":2,\"name\":\"Blog\"}]},{\"@type\":\"WebSite\",\"@id\":\"https:\/\/byhours.com.co\/home\/#website\",\"url\":\"https:\/\/byhours.com.co\/home\/\",\"name\":\"Hoteles ByHours\",\"description\":\"Tu tiempo, Tu Hotel\",\"alternateName\":\"ByHours\",\"potentialAction\":[{\"@type\":\"SearchAction\",\"target\":{\"@type\":\"EntryPoint\",\"urlTemplate\":\"https:\/\/byhours.com.co\/home\/?s={search_term_string}\"},\"query-input\":{\"@type\":\"PropertyValueSpecification\",\"valueRequired\":true,\"valueName\":\"search_term_string\"}}],\"inLanguage\":\"es\"}]}<\/script>\n<!-- \/ Yoast SEO plugin. -->","yoast_head_json":{"title":"Blog - Hoteles ByHours","robots":{"index":"index","follow":"follow","max-snippet":"max-snippet:-1","max-image-preview":"max-image-preview:large","max-video-preview":"max-video-preview:-1"},"canonical":"https:\/\/byhours.com.co\/home\/blog\/","og_locale":"es_ES","og_type":"article","og_title":"Blog - Hoteles ByHours","og_url":"https:\/\/byhours.com.co\/home\/blog\/","og_site_name":"Hoteles ByHours","article_modified_time":"2025-01-17T23:33:53+00:00","twitter_card":"summary_large_image","schema":{"@context":"https:\/\/schema.org","@graph":[{"@type":"WebPage","@id":"https:\/\/byhours.com.co\/home\/blog\/","url":"https:\/\/byhours.com.co\/home\/blog\/","name":"Blog - Hoteles ByHours","isPartOf":{"@id":"https:\/\/byhours.com.co\/home\/#website"},"datePublished":"2018-05-03T10:47:10+00:00","dateModified":"2025-01-17T23:33:53+00:00","breadcrumb":{"@id":"https:\/\/byhours.com.co\/home\/blog\/#breadcrumb"},"inLanguage":"es","potentialAction":[{"@type":"ReadAction","target":["https:\/\/byhours.com.co\/home\/blog\/"]}]},{"@type":"BreadcrumbList","@id":"https:\/\/byhours.com.co\/home\/blog\/#breadcrumb","itemListElement":[{"@type":"ListItem","position":1,"name":"Portada","item":"https:\/\/byhours.com.co\/home\/"},{"@type":"ListItem","position":2,"name":"Blog"}]},{"@type":"WebSite","@id":"https:\/\/byhours.com.co\/home\/#website","url":"https:\/\/byhours.com.co\/home\/","name":"Hoteles ByHours","description":"Tu tiempo, Tu Hotel","alternateName":"ByHours","potentialAction":[{"@type":"SearchAction","target":{"@type":"EntryPoint","urlTemplate":"https:\/\/byhours.com.co\/home\/?s={search_term_string}"},"query-input":{"@type":"PropertyValueSpecification","valueRequired":true,"valueName":"search_term_string"}}],"inLanguage":"es"}]}},"_links":{"self":[{"href":"https:\/\/byhours.com.co\/home\/wp-json\/wp\/v2\/pages\/916","targetHints":{"allow":["GET"]}}],"collection":[{"href":"https:\/\/byhours.com.co\/home\/wp-json\/wp\/v2\/pages"}],"about":[{"href":"https:\/\/byhours.com.co\/home\/wp-json\/wp\/v2\/types\/page"}],"author":[{"embeddable":true,"href":"https:\/\/byhours.com.co\/home\/wp-json\/wp\/v2\/users\/5"}],"replies":[{"embeddable":true,"href":"https:\/\/byhours.com.co\/home\/wp-json\/wp\/v2\/comments?post=916"}],"version-history":[{"count":5,"href":"https:\/\/byhours.com.co\/home\/wp-json\/wp\/v2\/pages\/916\/revisions"}],"predecessor-version":[{"id":9364,"href":"https:\/\/byhours.com.co\/home\/wp-json\/wp\/v2\/pages\/916\/revisions\/9364"}],"wp:attachment":[{"href":"https:\/\/byhours.com.co\/home\/wp-json\/wp\/v2\/media?parent=916"}],"curies":[{"name":"wp","href":"https:\/\/api.w.org\/{rel}","templated":true}]}}